{"id":6928,"date":"2023-12-05T18:00:07","date_gmt":"2023-12-05T16:00:07","guid":{"rendered":"https:\/\/sofs.org.ua\/?page_id=6928"},"modified":"2023-12-26T14:11:08","modified_gmt":"2023-12-26T12:11:08","slug":"1-7","status":"publish","type":"page","link":"https:\/\/sofs.org.ua\/en\/sample-page\/arhiv\/2023-2\/4-122\/1-7\/","title":{"rendered":"1.7"},"content":{"rendered":"<p><strong>A HISTORICAL AND BIOGRAPHICAL STUDY OF THE LIFE AND WORK OF RAILWAY SCIENTIST AND ENGINEER DMYTRO IVANOVYCH ZHURAVSKYI (1821\u20131891)<\/strong><\/p>\n<p><strong>V.A. YANIN<\/strong> <strong><br \/>\n<\/strong><a href=\"https:\/\/orcid.org\/0000-0002-6299-8924\">https:\/\/orcid.org\/0000-0002-6299-8924<\/a><br \/>\nKyiv Institute of Railway Transport, State University of Infrastructure and Technologies, Kyiv, Ukraine<\/p>\n<p>Nauka naukozn. 2023, 4(122): 120\u2014143<br \/>\n<a href=\"https:\/\/doi.org\/10.15407\/sofs2023.04.120\">https:\/\/doi.org\/10.15407\/sofs2023.04.120<\/a><\/p>\n<p><strong>Section<\/strong>: Science and technology history<br \/>\n<strong>Language:<\/strong> Ukrainian<br \/>\n<strong>Abstract:<\/strong> The article presents the results of research into the facts of the scientific biography of Dmytro Ivanovich Zhuravskyi, an outstanding railway engineer who built the first wooden railway bridges in Ukraine. This research is topical due to the lack of a comprehensive historical and biographical work devoted to the reproduction of a complete biography of D.I.\u00a0Zhuravskyi. By studying archival resources, the main milestones of the scientist\u2019s biography, the stages of his research and organizational work were clarified. The research activity and main scientific works of D.I.\u00a0Zhuravskyi are analyzed; it is shown that he carried out systematic research on the construction of wooden railway bridges on the railways of the Russian Empire, participated in the organization of the railway industry and bridge-building in railway transport. A more complete scientific biography of D.I.\u00a0Zhuravskyi is presented. A thematic classification of his research and technological achievements is provided: a)\u00a0construction of railways, hydraulic structures; b)\u00a0railway bridge construction; c)\u00a0construction mechanics, resistance of materials and theory of elasticity. Documentary confirmation of the scientist\u2019s work during the initial period of bridge construction in Ukraine, especially on the southwestern railways, is given. It consists in the fact that D.I.\u00a0Zhuravsky studied the effect of tangential stresses in a beam during bending and derived a formula for their determination, which bears his name. It is shown that D.I.\u00a0Zhuravsky\u2019s works on construction mechanics created theoretic foundations of bridge construction: his merit lies not only in performing engineering works in bridge construction, but also in his being the pioneer of an experimental-theoretical method in bridge construction, based on a combination of theory and practice, i.\u00a0e. a scientific method. It follows that D.I.\u00a0Zhuravskyi should be considered the founder of the scientific method in bridge construction, the founder of an advanced academic school of bridge construction. D.I. Zhuravskyi\u2019s works introduced a fundamentally new concept of material resistance\u00a0\u2014 tangential stress, showed its practical importance and gave impetus to the creation of the entire theory of the stress state.<\/p>\n<p><strong>Keywords<\/strong>: <strong>D.I. Zhuravskyi, railway transport, construction mechanics, resistance of materials, bridge construction.<\/strong><\/p>\n<p><strong>References<\/strong><\/p>\n<ol>\n<li>Gerbel, N.V. (1881). D.I. Zhuravsky. Gymnasium of Higher Sciences and Lyceum of Prince Bezborodko. Saint-Petersburg: Printing shop of V.\u00a0 Bezobrazov &amp; Co., 390\u2014398 [in Russian].<\/li>\n<li>Kholodov, F.N. (1875). The development of rolling stock construction for railways. Proceedings of the Congress of Main Activists in the Mechanical Engineering: Reports. 1, 9 [in Russian].<\/li>\n<li>Panayev, V.A. (1901). Memories. Russian Antiquity, 107\u00a0(7), 31\u201466 [in Russian].<\/li>\n<li>Zhuravskiy D.I. (1856). About railways in Russia. Russian Bulletin, 3\u00a0(1), 417\u2014457 [in Russian].<\/li>\n<li>Speech by Professor L.F. Nicholai (1897). Proceedings of the Meeting of Railway Engineers, 17, 71\u201475 [in Russian].<\/li>\n<li>Sytenko, N.A. (1885). Using the Zhuravsky triangular strut system by English engineers in India for the Attok railway bridge. Railway Industry, 249\u2014250 [in Russian].<\/li>\n<li>Sytenko, N.A. (1891). About Dmitry Ivanovich Zhuravsky. Railway Industry, 44, 445\u2014446. <a href=\"https:\/\/doi.org\/10.1038\/044445c0\">https:\/\/doi.org\/10.1038\/044445c0<\/a> [in Russian].<\/li>\n<li>Golovachov, A.A. (1881). A history of railway industry in Russia, Saint-Petersburg [in Russian].<\/li>\n<li>Honoring the memory of engineer Dmitry Ivanovich Zhuravsky (1899). Collection of the Institute of Railway Engineers, 52, 1\u201432 [in Russian].<\/li>\n<li>Zhuravskiy, D.I. (1855). Bridges of the diagonal Gau system (Vol.\u00a01\u20142). Saint-Petersburg, 1 [in Russian].<\/li>\n<li>Rakcheyev, E.N. (1984). Dmitriy Ivanovich Zhuravskiy: 1821\u20141891. Moscow: Nauka [in Russian].<\/li>\n<li>Borodin, A. (1892). Dmitry Zhuravsky: Obituary. Engineer, 1, 43\u201444 [in Russian].<\/li>\n<li>Timoshenko, S.P. (1957). A history of R&amp;D on the resistance of materials with brief information from the history of the theory of elasticity and the theory of structures. Moscow: Gostekhizdat [in Russian].<\/li>\n<li>Timoshenko, S.P. (1975). Strength and vibrations of structural elements. Moscow: Nauka, 644\u2014651 [in Russian].<\/li>\n<li>Zvoryikin, D.N. (1981). The development of building science in the Soviet Union. Moscow: Stroyizdat [in Russian].<\/li>\n<li>Lazarevskiy, A.M. (1893). A description of the old Malorossiya: Materials for the history of settlement, land ownership and administration (Vol.\u00a01\u20143). Kyiv: \u041a.N.\u00a0Milevsky\u2019s printing shop, 2 [in Russian].<\/li>\n<li>(1864\u20141904). Collection of Resolutions on the Ministry of Public Education. Saint-Petersburg; 2nd edition, Saint-Petersburg 1875\u20141876, 1, 31\u201466 [in Russian].<\/li>\n<li>Mashinskiy, S.I. (1959). Gogol and \u00abthe case of freethinking\u00bb. Moscow, 1959 [in Russian].<\/li>\n<li>Srebnitsky, I. (1881). Faculty of Physics and Mathematics. Gymnasium of Higher Sciences and Lyceum of Prince Bezborodko. Saint-Petersburg: Printing shop of V.\u00a0Bezobrazov &amp; Co., 110\u2014117 [in Russian].<\/li>\n<li>Zhuravskiy, D. (1881). K.A. Budzinski. Gymnasium of Higher Sciences and Lyceum of Prince Bezborodko. Saint-Petersburg: Printing shop of V.\u00a0Bezobrazov\u00a0&amp; Co., 232\u2014233 [in Russian].<\/li>\n<li>Gerbel, N.V. (1881). D.I. Zhuravsky. Gymnasium of Higher Sciences and Lyceum of Prince Bezborodko. Saint-Petersburg, 390\u2014398 [in Russian].<\/li>\n<li>(1960). Leningrad Order of Lenin Institute of Railway Engineers named after academician V.N.\u00a0Obraztsov, 1809\u20141959. Moscow [in Russian].<\/li>\n<li>Melnikov, P.P. (1940). Information about the Russian railroads. Red Archive, 2\u00a0(90), 142.<\/li>\n<li>Saint-Venant, B. (1843). M\u00e9moire sur le calcul de la r\u00e9sistance et de la flexion des pi\u00e8ces solides. Comptes rendus Acad. Sci., 27\u00a0(18), 244.<\/li>\n<li>Tyulina, I.A., &amp; Rakcheyev, E.N. (1962). A history of mechanics. Moscow: Moscow State University Publishing [in Russian].<\/li>\n<li>Zhuravskiy, D.I. (1856). The bridges of the diagonal Gau system (Vol.\u00a0 1\u20142). Saint-Petersburg, 2 [in Russian].<\/li>\n<li>Zhuravskiy, D.I. (1861). Bemerkungen uber Gitterlalken und volle Bleichbalken. Allgemeine Bauzeitung, 26, 108\u2014117.<\/li>\n<li>Evgrafov, G. (1949). The advanced role of the Russian school of bridge building. Railway transport, 4, 67\u201476 [in Russian].<\/li>\n<\/ol>\n<p><a href=\"https:\/\/sofs.org.ua\/wp-content\/uploads\/2023\/12\/Nauka_ta_Naukoznavstvo_4-2023-2-120-143.pdf\"><strong>Full Text (PDF)<\/strong><\/a><\/p>\n","protected":false},"excerpt":{"rendered":"<p>A HISTORICAL AND BIOGRAPHICAL STUDY OF THE LIFE AND WORK OF RAILWAY SCIENTIST AND ENGINEER DMYTRO IVANOVYCH ZHURAVSKYI (1821\u20131891) V.A. YANIN https:\/\/orcid.org\/0000-0002-6299-8924 [&hellip;]<\/p>\n","protected":false},"author":1,"featured_media":0,"parent":6888,"menu_order":0,"comment_status":"closed","ping_status":"closed","template":"","meta":{"footnotes":""},"class_list":["post-6928","page","type-page","status-publish","hentry"],"translation":{"provider":"WPGlobus","version":"2.12.2","language":"en","enabled_languages":["uk","en","ru"],"languages":{"uk":{"title":true,"content":true,"excerpt":false},"en":{"title":true,"content":true,"excerpt":false},"ru":{"title":true,"content":true,"excerpt":false}}},"_links":{"self":[{"href":"https:\/\/sofs.org.ua\/en\/wp-json\/wp\/v2\/pages\/6928","targetHints":{"allow":["GET"]}}],"collection":[{"href":"https:\/\/sofs.org.ua\/en\/wp-json\/wp\/v2\/pages"}],"about":[{"href":"https:\/\/sofs.org.ua\/en\/wp-json\/wp\/v2\/types\/page"}],"author":[{"embeddable":true,"href":"https:\/\/sofs.org.ua\/en\/wp-json\/wp\/v2\/users\/1"}],"replies":[{"embeddable":true,"href":"https:\/\/sofs.org.ua\/en\/wp-json\/wp\/v2\/comments?post=6928"}],"version-history":[{"count":6,"href":"https:\/\/sofs.org.ua\/en\/wp-json\/wp\/v2\/pages\/6928\/revisions"}],"predecessor-version":[{"id":7021,"href":"https:\/\/sofs.org.ua\/en\/wp-json\/wp\/v2\/pages\/6928\/revisions\/7021"}],"up":[{"embeddable":true,"href":"https:\/\/sofs.org.ua\/en\/wp-json\/wp\/v2\/pages\/6888"}],"wp:attachment":[{"href":"https:\/\/sofs.org.ua\/en\/wp-json\/wp\/v2\/media?parent=6928"}],"curies":[{"name":"wp","href":"https:\/\/api.w.org\/{rel}","templated":true}]}}